{"id":15,"date":"2024-03-01T12:52:12","date_gmt":"2024-03-01T12:52:12","guid":{"rendered":"https:\/\/dummy.xtemos.com\/woodmart2\/vegetables-elementor\/?page_id=15"},"modified":"2025-11-29T07:03:03","modified_gmt":"2025-11-29T07:03:03","slug":"about-us","status":"publish","type":"page","link":"https:\/\/pawscross.com\/es\/about-us\/","title":{"rendered":"Acerca De Nosotros"},"content":{"rendered":"<div data-elementor-type=\"wp-page\" data-elementor-id=\"15\" class=\"elementor elementor-15\" data-elementor-post-type=\"page\">\n\t\t\t\t<div class=\"wd-negative-gap elementor-element elementor-element-5aa8097 e-flex e-con-boxed e-con e-parent\" data-id=\"5aa8097\" data-element_type=\"container\">\n\t\t\t\t\t<div class=\"e-con-inner\">\n\t\t\t\t<div class=\"elementor-element elementor-element-16baf47 wd-width-100 elementor-widget elementor-widget-wd_title\" data-id=\"16baf47\" data-element_type=\"widget\" data-widget_type=\"wd_title.default\">\n\t\t\t\t<div class=\"elementor-widget-container\">\n\t\t\t\t\t\t\t<div class=\"title-wrapper wd-set-mb reset-last-child wd-title-color-default wd-title-style-default wd-title-size-default text-center\">\n\n\t\t\t\n\t\t\t<div class=\"liner-continer\">\n\t\t\t\t<h4 class=\"woodmart-title-container title wd-fontsize-l\">Acerca De Nosotros<\/h4> \n\t\t\t\t\t\t\t<\/div>\n\n\t\t\t\t\t\t\t<div class=\"title-after_title reset-last-child wd-fontsize-xs\">\n\t\t\t\t\t<p>Hemos estado profundamente involucrado en la mascota de fabricaci\u00f3n de productos de la industria durante a\u00f1os, de pie como un moderno inteligente de la empresa que integra el R&amp;D, producci\u00f3n y ventas. Nos enfocamos en cubrir toda la escena de las necesidades de las mascotas en la vida cotidiana, cubriendo grandes categor\u00edas de productos, tales como camas para mascotas, juguetes, equipos de tracci\u00f3n, y los utensilios de alimentaci\u00f3n. Equipado con una producci\u00f3n estandarizada talleres, avanzadas l\u00edneas de producci\u00f3n automatizadas, y la calidad profesional del equipo de inspecci\u00f3n, podemos poner en pr\u00e1ctica estrictas completo proceso de control de calidad de materia prima selecci\u00f3n del producto terminado entrega, lo que garantiza que cada producto es seguro, durable, y adaptado a las mascotas y los animales de h\u00e1bitos y de los propietarios de las necesidades de uso.<\/p><p>Respaldado por un experimentado equipo de I + D y los conocimientos del mercado, ofrecemos no s\u00f3lo rentable convencional de las l\u00edneas de producto, sino tambi\u00e9n de ODM\/OEM personalizaci\u00f3n de los servicios. Podemos personalizar la apariencia, funciones y especificaciones de acuerdo a los requerimientos del cliente, de forma flexible adaptaci\u00f3n a la multi-canal de la cooperaci\u00f3n con las marcas, distribuidores, plataformas de e-commerce, etc. Se adhieren a la filosof\u00eda de \"Tratar a los animales como Amigos, de la Calidad como de la Fundaci\u00f3n\", la f\u00e1brica insiste en la aplicaci\u00f3n de materiales ecol\u00f3gicos y humanizado principios de dise\u00f1o. Nuestros productos se exportan a muchos mercados en el hogar y en el extranjero, ganando la confianza y el reconocimiento de los socios y las familias de mascotas. En el futuro, vamos a seguir profundizando la innovaci\u00f3n, crear un m\u00e1s c\u00f3modo y vida sana para los animales dom\u00e9sticos experiencia, y lograr ganar-ganar resultados con los socios globales.<\/p>\t\t\t\t<\/div>\n\t\t\t\t\t<\/div>\n\t\t\t\t\t\t<\/div>\n\t\t\t\t<\/div>\n\t\t\t\t\t<\/div>\n\t\t\t\t<\/div>\n\t\t<div class=\"wd-negative-gap elementor-element elementor-element-37c2c6c e-flex e-con-boxed e-con e-parent\" data-id=\"37c2c6c\" data-element_type=\"container\">\n\t\t\t\t\t<div class=\"e-con-inner\">\n\t\t\t\t<div class=\"elementor-element elementor-element-71e5cd0 elementor-widget elementor-widget-spacer\" data-id=\"71e5cd0\" data-element_type=\"widget\" data-widget_type=\"spacer.default\">\n\t\t\t\t\t\t\t<div class=\"elementor-spacer\">\n\t\t\t<div class=\"elementor-spacer-inner\"><\/div>\n\t\t<\/div>\n\t\t\t\t\t\t<\/div>\n\t\t\t\t\t<\/div>\n\t\t\t\t<\/div>\n\t\t<div class=\"wd-negative-gap elementor-element elementor-element-72ad783 e-flex e-con-boxed e-con e-parent\" data-id=\"72ad783\" data-element_type=\"container\">\n\t\t\t\t\t<div class=\"e-con-inner\">\n\t\t\t\t<div class=\"elementor-element elementor-element-e609901 elementor-arrows-position-inside elementor-pagination-position-outside elementor-widget elementor-widget-image-carousel\" data-id=\"e609901\" data-element_type=\"widget\" data-settings=\"{&quot;navigation&quot;:&quot;both&quot;,&quot;autoplay&quot;:&quot;yes&quot;,&quot;pause_on_hover&quot;:&quot;yes&quot;,&quot;pause_on_interaction&quot;:&quot;yes&quot;,&quot;autoplay_speed&quot;:5000,&quot;infinite&quot;:&quot;yes&quot;,&quot;speed&quot;:500}\" data-widget_type=\"image-carousel.default\">\n\t\t\t\t\t\t\t<div class=\"elementor-image-carousel-wrapper swiper\" role=\"region\" aria-roledescription=\"carousel\" aria-label=\"Imagen Del Carrusel\" dir=\"ltr\">\n\t\t\t<div class=\"elementor-image-carousel swiper-wrapper\" aria-live=\"off\">\n\t\t\t\t\t\t\t\t<div class=\"swiper-slide\" role=\"group\" aria-roledescription=\"slide\" aria-label=\"1 of 8\"><a data-elementor-open-lightbox=\"yes\" data-elementor-lightbox-slideshow=\"e609901\" data-elementor-lightbox-title=\"\u5fae\u4fe1\u56fe\u7247_20251123082355_353_6312\" data-e-action-hash=\"#elementor-action%3Aaction%3Dlightbox%26settings%3DeyJpZCI6MTM2NCwidXJsIjoiaHR0cHM6XC9cL3Bhd3Njcm9zcy5jb21cL3dwLWNvbnRlbnRcL3VwbG9hZHNcLzIwMjVcLzExXC9cdTVmYWVcdTRmZTFcdTU2ZmVcdTcyNDdfMjAyNTExMjMwODIzNTVfMzUzXzYzMTIucG5nIiwic2xpZGVzaG93IjoiZTYwOTkwMSJ9\" href=\"https:\/\/pawscross.com\/wp-content\/uploads\/2025\/11\/\u5fae\u4fe1\u56fe\u7247_20251123082355_353_6312.png\"><figure class=\"swiper-slide-inner\"><img decoding=\"async\" class=\"swiper-slide-image\" src=\"https:\/\/pawscross.com\/wp-content\/uploads\/2025\/11\/\u5fae\u4fe1\u56fe\u7247_20251123082355_353_6312-768x576.png\" alt=\"\u5fae\u4fe1\u56fe\u7247_20251123082355_353_6312\" \/><\/figure><\/a><\/div><div class=\"swiper-slide\" role=\"group\" aria-roledescription=\"slide\" aria-label=\"2 of 8\"><a data-elementor-open-lightbox=\"yes\" data-elementor-lightbox-slideshow=\"e609901\" data-elementor-lightbox-title=\"\u5fae\u4fe1\u56fe\u7247_20251123082357_354_6312_\u526f\u672c\" data-e-action-hash=\"#elementor-action%3Aaction%3Dlightbox%26settings%3DeyJpZCI6MTM2NSwidXJsIjoiaHR0cHM6XC9cL3Bhd3Njcm9zcy5jb21cL3dwLWNvbnRlbnRcL3VwbG9hZHNcLzIwMjVcLzExXC9cdTVmYWVcdTRmZTFcdTU2ZmVcdTcyNDdfMjAyNTExMjMwODIzNTdfMzU0XzYzMTJfXHU1MjZmXHU2NzJjLnBuZyIsInNsaWRlc2hvdyI6ImU2MDk5MDEifQ%3D%3D\" href=\"https:\/\/pawscross.com\/wp-content\/uploads\/2025\/11\/\u5fae\u4fe1\u56fe\u7247_20251123082357_354_6312_\u526f\u672c.png\"><figure class=\"swiper-slide-inner\"><img decoding=\"async\" class=\"swiper-slide-image\" src=\"https:\/\/pawscross.com\/wp-content\/uploads\/2025\/11\/\u5fae\u4fe1\u56fe\u7247_20251123082357_354_6312_\u526f\u672c-768x576.png\" alt=\"\u5fae\u4fe1\u56fe\u7247_20251123082357_354_6312_\u526f\u672c\" \/><\/figure><\/a><\/div><div class=\"swiper-slide\" role=\"group\" aria-roledescription=\"slide\" aria-label=\"3 of 8\"><a data-elementor-open-lightbox=\"yes\" data-elementor-lightbox-slideshow=\"e609901\" data-elementor-lightbox-title=\"\u5fae\u4fe1\u56fe\u7247_20251123082358_355_6312\" data-e-action-hash=\"#elementor-action%3Aaction%3Dlightbox%26settings%3DeyJpZCI6MTM2NiwidXJsIjoiaHR0cHM6XC9cL3Bhd3Njcm9zcy5jb21cL3dwLWNvbnRlbnRcL3VwbG9hZHNcLzIwMjVcLzExXC9cdTVmYWVcdTRmZTFcdTU2ZmVcdTcyNDdfMjAyNTExMjMwODIzNThfMzU1XzYzMTIucG5nIiwic2xpZGVzaG93IjoiZTYwOTkwMSJ9\" href=\"https:\/\/pawscross.com\/wp-content\/uploads\/2025\/11\/\u5fae\u4fe1\u56fe\u7247_20251123082358_355_6312.png\"><figure class=\"swiper-slide-inner\"><img decoding=\"async\" class=\"swiper-slide-image\" src=\"https:\/\/pawscross.com\/wp-content\/uploads\/2025\/11\/\u5fae\u4fe1\u56fe\u7247_20251123082358_355_6312-768x576.png\" alt=\"\u5fae\u4fe1\u56fe\u7247_20251123082358_355_6312\" \/><\/figure><\/a><\/div><div class=\"swiper-slide\" role=\"group\" aria-roledescription=\"slide\" aria-label=\"4 of 8\"><a data-elementor-open-lightbox=\"yes\" data-elementor-lightbox-slideshow=\"e609901\" data-elementor-lightbox-title=\"\u5fae\u4fe1\u56fe\u7247_20251123082359_356_6312\" data-e-action-hash=\"#elementor-action%3Aaction%3Dlightbox%26settings%3DeyJpZCI6MTM2NywidXJsIjoiaHR0cHM6XC9cL3Bhd3Njcm9zcy5jb21cL3dwLWNvbnRlbnRcL3VwbG9hZHNcLzIwMjVcLzExXC9cdTVmYWVcdTRmZTFcdTU2ZmVcdTcyNDdfMjAyNTExMjMwODIzNTlfMzU2XzYzMTIucG5nIiwic2xpZGVzaG93IjoiZTYwOTkwMSJ9\" href=\"https:\/\/pawscross.com\/wp-content\/uploads\/2025\/11\/\u5fae\u4fe1\u56fe\u7247_20251123082359_356_6312.png\"><figure class=\"swiper-slide-inner\"><img decoding=\"async\" class=\"swiper-slide-image\" src=\"https:\/\/pawscross.com\/wp-content\/uploads\/2025\/11\/\u5fae\u4fe1\u56fe\u7247_20251123082359_356_6312-768x576.png\" alt=\"\u5fae\u4fe1\u56fe\u7247_20251123082359_356_6312\" \/><\/figure><\/a><\/div><div class=\"swiper-slide\" role=\"group\" aria-roledescription=\"slide\" aria-label=\"5 of 8\"><a data-elementor-open-lightbox=\"yes\" data-elementor-lightbox-slideshow=\"e609901\" data-elementor-lightbox-title=\"\u5fae\u4fe1\u56fe\u7247_20251123082400_357_6312_\u526f\u672c\" data-e-action-hash=\"#elementor-action%3Aaction%3Dlightbox%26settings%3DeyJpZCI6MTM2OCwidXJsIjoiaHR0cHM6XC9cL3Bhd3Njcm9zcy5jb21cL3dwLWNvbnRlbnRcL3VwbG9hZHNcLzIwMjVcLzExXC9cdTVmYWVcdTRmZTFcdTU2ZmVcdTcyNDdfMjAyNTExMjMwODI0MDBfMzU3XzYzMTJfXHU1MjZmXHU2NzJjLnBuZyIsInNsaWRlc2hvdyI6ImU2MDk5MDEifQ%3D%3D\" href=\"https:\/\/pawscross.com\/wp-content\/uploads\/2025\/11\/\u5fae\u4fe1\u56fe\u7247_20251123082400_357_6312_\u526f\u672c.png\"><figure class=\"swiper-slide-inner\"><img decoding=\"async\" class=\"swiper-slide-image\" src=\"https:\/\/pawscross.com\/wp-content\/uploads\/2025\/11\/\u5fae\u4fe1\u56fe\u7247_20251123082400_357_6312_\u526f\u672c-768x576.png\" alt=\"\u5fae\u4fe1\u56fe\u7247_20251123082400_357_6312_\u526f\u672c\" \/><\/figure><\/a><\/div><div class=\"swiper-slide\" role=\"group\" aria-roledescription=\"slide\" aria-label=\"6 of 8\"><a data-elementor-open-lightbox=\"yes\" data-elementor-lightbox-slideshow=\"e609901\" data-elementor-lightbox-title=\"\u5fae\u4fe1\u56fe\u7247_20251123082401_358_6312_\u526f\u672c\" data-e-action-hash=\"#elementor-action%3Aaction%3Dlightbox%26settings%3DeyJpZCI6MTM2OSwidXJsIjoiaHR0cHM6XC9cL3Bhd3Njcm9zcy5jb21cL3dwLWNvbnRlbnRcL3VwbG9hZHNcLzIwMjVcLzExXC9cdTVmYWVcdTRmZTFcdTU2ZmVcdTcyNDdfMjAyNTExMjMwODI0MDFfMzU4XzYzMTJfXHU1MjZmXHU2NzJjLnBuZyIsInNsaWRlc2hvdyI6ImU2MDk5MDEifQ%3D%3D\" href=\"https:\/\/pawscross.com\/wp-content\/uploads\/2025\/11\/\u5fae\u4fe1\u56fe\u7247_20251123082401_358_6312_\u526f\u672c.png\"><figure class=\"swiper-slide-inner\"><img decoding=\"async\" class=\"swiper-slide-image\" src=\"https:\/\/pawscross.com\/wp-content\/uploads\/2025\/11\/\u5fae\u4fe1\u56fe\u7247_20251123082401_358_6312_\u526f\u672c-768x576.png\" alt=\"\u5fae\u4fe1\u56fe\u7247_20251123082401_358_6312_\u526f\u672c\" \/><\/figure><\/a><\/div><div class=\"swiper-slide\" role=\"group\" aria-roledescription=\"slide\" aria-label=\"7 of 8\"><a data-elementor-open-lightbox=\"yes\" data-elementor-lightbox-slideshow=\"e609901\" data-elementor-lightbox-title=\"\u5fae\u4fe1\u56fe\u7247_20251123082403_359_6312_\u526f\u672c\" data-e-action-hash=\"#elementor-action%3Aaction%3Dlightbox%26settings%3DeyJpZCI6MTM3MCwidXJsIjoiaHR0cHM6XC9cL3Bhd3Njcm9zcy5jb21cL3dwLWNvbnRlbnRcL3VwbG9hZHNcLzIwMjVcLzExXC9cdTVmYWVcdTRmZTFcdTU2ZmVcdTcyNDdfMjAyNTExMjMwODI0MDNfMzU5XzYzMTJfXHU1MjZmXHU2NzJjLnBuZyIsInNsaWRlc2hvdyI6ImU2MDk5MDEifQ%3D%3D\" href=\"https:\/\/pawscross.com\/wp-content\/uploads\/2025\/11\/\u5fae\u4fe1\u56fe\u7247_20251123082403_359_6312_\u526f\u672c.png\"><figure class=\"swiper-slide-inner\"><img decoding=\"async\" class=\"swiper-slide-image\" src=\"https:\/\/pawscross.com\/wp-content\/uploads\/2025\/11\/\u5fae\u4fe1\u56fe\u7247_20251123082403_359_6312_\u526f\u672c-768x576.png\" alt=\"\u5fae\u4fe1\u56fe\u7247_20251123082403_359_6312_\u526f\u672c\" \/><\/figure><\/a><\/div><div class=\"swiper-slide\" role=\"group\" aria-roledescription=\"slide\" aria-label=\"8 of 8\"><a data-elementor-open-lightbox=\"yes\" data-elementor-lightbox-slideshow=\"e609901\" data-elementor-lightbox-title=\"\u5fae\u4fe1\u56fe\u7247_20251123082404_360_6312_\u526f\u672c\" data-e-action-hash=\"#elementor-action%3Aaction%3Dlightbox%26settings%3DeyJpZCI6MTM3MSwidXJsIjoiaHR0cHM6XC9cL3Bhd3Njcm9zcy5jb21cL3dwLWNvbnRlbnRcL3VwbG9hZHNcLzIwMjVcLzExXC9cdTVmYWVcdTRmZTFcdTU2ZmVcdTcyNDdfMjAyNTExMjMwODI0MDRfMzYwXzYzMTJfXHU1MjZmXHU2NzJjLnBuZyIsInNsaWRlc2hvdyI6ImU2MDk5MDEifQ%3D%3D\" href=\"https:\/\/pawscross.com\/wp-content\/uploads\/2025\/11\/\u5fae\u4fe1\u56fe\u7247_20251123082404_360_6312_\u526f\u672c.png\"><figure class=\"swiper-slide-inner\"><img decoding=\"async\" class=\"swiper-slide-image\" src=\"https:\/\/pawscross.com\/wp-content\/uploads\/2025\/11\/\u5fae\u4fe1\u56fe\u7247_20251123082404_360_6312_\u526f\u672c-768x576.png\" alt=\"\u5fae\u4fe1\u56fe\u7247_20251123082404_360_6312_\u526f\u672c\" \/><\/figure><\/a><\/div>\t\t\t<\/div>\n\t\t\t\t\t\t\t\t\t\t\t\t<div class=\"elementor-swiper-button elementor-swiper-button-prev\" role=\"button\" tabindex=\"0\">\n\t\t\t\t\t\t<svg aria-hidden=\"true\" class=\"e-font-icon-svg e-eicon-chevron-left\" viewbox=\"0 0 1000 1000\" xmlns=\"http:\/\/www.w3.org\/2000\/svg\"><path d=\"M646 125C629 125 613 133 604 142L308 442C296 454 292 471 292 487 292 504 296 521 308 533L604 854C617 867 629 875 646 875 663 875 679 871 692 858 704 846 713 829 713 812 713 796 708 779 692 767L438 487 692 225C700 217 708 204 708 187 708 171 704 154 692 142 675 129 663 125 646 125Z\"><\/path><\/svg>\t\t\t\t\t<\/div>\n\t\t\t\t\t<div class=\"elementor-swiper-button elementor-swiper-button-next\" role=\"button\" tabindex=\"0\">\n\t\t\t\t\t\t<svg aria-hidden=\"true\" class=\"e-font-icon-svg e-eicon-chevron-right\" viewbox=\"0 0 1000 1000\" xmlns=\"http:\/\/www.w3.org\/2000\/svg\"><path d=\"M696 533C708 521 713 504 713 487 713 471 708 454 696 446L400 146C388 133 375 125 354 125 338 125 325 129 313 142 300 154 292 171 292 187 292 204 296 221 308 233L563 492 304 771C292 783 288 800 288 817 288 833 296 850 308 863 321 871 338 875 354 875 371 875 388 867 400 854L696 533Z\"><\/path><\/svg>\t\t\t\t\t<\/div>\n\t\t\t\t\n\t\t\t\t\t\t\t\t\t<div class=\"swiper-pagination\"><\/div>\n\t\t\t\t\t\t\t\t\t<\/div>\n\t\t\t\t\t\t<\/div>\n\t\t\t\t\t<\/div>\n\t\t\t\t<\/div>\n\t\t\t\t<\/div>","protected":false},"excerpt":{"rendered":"<p>About Us We have been deeply engaged in the pet products manufacturing industry for years, standing as a modern intelligent<\/p>","protected":false},"author":1,"featured_media":0,"parent":0,"menu_order":0,"comment_status":"closed","ping_status":"closed","template":"","meta":{"footnotes":""},"class_list":["post-15","page","type-page","status-publish","hentry"],"aioseo_notices":[],"_hostinger_reach_plugin_has_subscription_block":false,"_hostinger_reach_plugin_is_elementor":false,"_links":{"self":[{"href":"https:\/\/pawscross.com\/es\/wp-json\/wp\/v2\/pages\/15","targetHints":{"allow":["GET"]}}],"collection":[{"href":"https:\/\/pawscross.com\/es\/wp-json\/wp\/v2\/pages"}],"about":[{"href":"https:\/\/pawscross.com\/es\/wp-json\/wp\/v2\/types\/page"}],"author":[{"embeddable":true,"href":"https:\/\/pawscross.com\/es\/wp-json\/wp\/v2\/users\/1"}],"replies":[{"embeddable":true,"href":"https:\/\/pawscross.com\/es\/wp-json\/wp\/v2\/comments?post=15"}],"version-history":[{"count":15,"href":"https:\/\/pawscross.com\/es\/wp-json\/wp\/v2\/pages\/15\/revisions"}],"predecessor-version":[{"id":1879,"href":"https:\/\/pawscross.com\/es\/wp-json\/wp\/v2\/pages\/15\/revisions\/1879"}],"wp:attachment":[{"href":"https:\/\/pawscross.com\/es\/wp-json\/wp\/v2\/media?parent=15"}],"curies":[{"name":"wp","href":"https:\/\/api.w.org\/{rel}","templated":true}]}}